{"id":30,"date":"2019-05-25T12:12:06","date_gmt":"2019-05-25T12:12:06","guid":{"rendered":"https:\/\/fc-wanderlust.de\/?page_id=30"},"modified":"2024-03-27T21:10:22","modified_gmt":"2024-03-27T20:10:22","slug":"jugendvorstand","status":"publish","type":"page","link":"https:\/\/fc-wanderlust.de\/?page_id=30","title":{"rendered":"Jugendvorstand"},"content":{"rendered":"<p><strong>Jugendleiter:<\/strong><\/p>\n<p>Frank Dahlmanns, Panneschop 2a, 52538 Selfkant, Tel.: 02456\/5090111<\/p>\n<p><strong>Jugendgesch\u00e4ftsf\u00fchrer:<\/strong><\/p>\n<p>Elmar Ernst Landstra\u00dfe. 1d\u00a0 52538 Selfkant<\/p>\n<p>Tel. 01632617854<\/p>\n<p><strong>Ehren-Jugendgesch\u00e4ftsf\u00fchrer:<\/strong><\/p>\n<p>Helmut Feitz, Heidestra\u00dfe 26, 52538 Selfkant, Tel.: 02456\/2713<\/p>\n<p><strong>Jugendkassierer:<\/strong><\/p>\n<p>Marc Geilen, Nachtigallenweg 9, 52538 Selfkant, Tel.: 02456\/3555<\/p>\n<p style=\"margin-top: 0.5em; margin-bottom: 0.5em; font-family: Arial, Helvetica, sans-serif; font-weight: 400; text-align: center; background-color: #d6d6d6;\"><span style=\"font-size: 14pt; font-family: 'times new roman', times;\">Anfragen und Anregungen an den Jugendvorstand k\u00f6nnen<br \/>\nan folgende Emailadresse geschickt werden:<\/span><\/p>\n<p style=\"margin-top: 0.5em; margin-bottom: 0.5em; font-family: Arial, Helvetica, sans-serif; font-weight: 400; text-align: center; background-color: #d6d6d6;\"><strong><span style=\"font-size: 14pt; font-family: 'times new roman', times;\"><a style=\"color: #757575;\" href=\"mailto:jugendabteilung@fc-wanderlust.de\">jugendabteilung@fc-wanderlust.de<\/a><\/span><\/strong><\/p>\n","protected":false},"excerpt":{"rendered":"<p>Jugendleiter: Frank Dahlmanns, Panneschop 2a, 52538 Selfkant, Tel.: 02456\/5090111 Jugendgesch\u00e4ftsf\u00fchrer: Elmar Ernst Landstra\u00dfe. 1d\u00a0 52538 Selfkant Tel. 01632617854 Ehren-Jugendgesch\u00e4ftsf\u00fchrer: Helmut Feitz, Heidestra\u00dfe 26, 52538 Selfkant, Tel.: 02456\/2713 Jugendkassierer: Marc Geilen, Nachtigallenweg 9, 52538 Selfkant, Tel.: 02456\/3555 Anfragen und Anregungen an den Jugendvorstand k\u00f6nnen an folgende Emailadresse geschickt werden: jugendabteilung@fc-wanderlust.de<\/p>\n","protected":false},"author":1,"featured_media":0,"parent":29,"menu_order":18,"comment_status":"closed","ping_status":"closed","template":"","meta":[],"_links":{"self":[{"href":"https:\/\/fc-wanderlust.de\/index.php?rest_route=\/wp\/v2\/pages\/30"}],"collection":[{"href":"https:\/\/fc-wanderlust.de\/index.php?rest_route=\/wp\/v2\/pages"}],"about":[{"href":"https:\/\/fc-wanderlust.de\/index.php?rest_route=\/wp\/v2\/types\/page"}],"author":[{"embeddable":true,"href":"https:\/\/fc-wanderlust.de\/index.php?rest_route=\/wp\/v2\/users\/1"}],"replies":[{"embeddable":true,"href":"https:\/\/fc-wanderlust.de\/index.php?rest_route=%2Fwp%2Fv2%2Fcomments&post=30"}],"version-history":[{"count":2,"href":"https:\/\/fc-wanderlust.de\/index.php?rest_route=\/wp\/v2\/pages\/30\/revisions"}],"predecessor-version":[{"id":1547,"href":"https:\/\/fc-wanderlust.de\/index.php?rest_route=\/wp\/v2\/pages\/30\/revisions\/1547"}],"up":[{"embeddable":true,"href":"https:\/\/fc-wanderlust.de\/index.php?rest_route=\/wp\/v2\/pages\/29"}],"wp:attachment":[{"href":"https:\/\/fc-wanderlust.de\/index.php?rest_route=%2Fwp%2Fv2%2Fmedia&parent=30"}],"curies":[{"name":"wp","href":"https:\/\/api.w.org\/{rel}","templated":true}]}}