{"id":23,"date":"2019-05-25T12:11:59","date_gmt":"2019-05-25T12:11:59","guid":{"rendered":"https:\/\/fc-wanderlust.de\/?page_id=23"},"modified":"2024-03-27T21:04:19","modified_gmt":"2024-03-27T20:04:19","slug":"anfahrt","status":"publish","type":"page","link":"https:\/\/fc-wanderlust.de\/?page_id=23","title":{"rendered":"Outdoor Fitness Parcours"},"content":{"rendered":"\n<p><strong>FC Wanderlust baut den westlichsten Outdoor Fitness Parcours Deutschlands<\/strong><\/p>\n\n\n\n<p><strong>S\u00fcsterseel <\/strong>\u2013 \u201eJust do it!\u201c dachte sich der Vorstand des FC\nWanderlust S\u00fcsterseel Anfang des letzten Jahres. Da die Vorbereitungen zum\n100j\u00e4hrigen Vereinsjubil\u00e4um coronabedingt ins Stocken geraten waren, widmete\nman sich einem neuen Projekt, um das Sportangebot im S\u00fcsterseeler Heidestadion noch\nattraktiver und moderner zu gestalten. <\/p>\n\n\n\n<p>Nach akribischer Planung war mit\nder vom Land Nordrhein Westfalen ausgerufenen Sportst\u00e4ttenf\u00f6rderung \u201eModerne\nSportst\u00e4tte 2022\u201c der richtige F\u00f6rdertopf gefunden und so wurde mit\nUnterst\u00fctzung des Kreissportbundes Heinsberg schnell der Antrag auf den Weg gebracht,\nmit Erfolg! F\u00fcr das etwa 20.000 Euro teure Vorhaben an der Kopfseite des\nSportplatzes konnten die letzten, im F\u00f6rdertopf verbliebenen knapp 11.500 Euro\ngewonnen werden. Neben der F\u00f6rdersumme wurde viel Eigenleistung des Vereins erbracht.\nZudem konnte B\u00fcrgermeister Norbert Reyans von dem Projekt \u00fcberzeugt werden, so\ndass die Bauma\u00dfnahmen auch mit Unterst\u00fctzung der Gemeinde Selfkant realisiert\nwerden konnten.<\/p>\n\n\n\n<p><strong>Fitnessger\u00e4te aus Holz und Edelstahl<\/strong><\/p>\n\n\n\n<p>Mit der Firma\n\u201eKuck Fitness\u201c aus Willingen konnte ein renommiertes Unternehmen gefunden\nwerden, dessen qualitativ hochwertige und edle Produkte weltweit zu finden sind,\nmeist eingebunden in \u00e4hnliche F\u00f6rderprojekte von Kommunen, Vereinen und Firmen.\n&nbsp;Auf Grund der zahlreichen positiven\nRezensionen und der guten Ideen bei der Planung war man in S\u00fcsterseel schnell\n\u00fcberzeugt, dass die Wahl der Fitnessprodukte aus Hartholz und Edelstahl die\noptimale Kombination f\u00fcr das Heidestadion sein sollte. <\/p>\n\n\n\n<p>Der Outdoor Fitness Parcours soll\nden Menschen aller Generationen ein zus\u00e4tzliches niederschwelliges Sport- und\nBewegungsangebot bieten. Anschauliche Hinweistafeln und Lehrvideos bereiten\ndabei jedermann, von Anf\u00e4nger bis ambitioniertem Sportler, einen leichten\nEinstieg ins Fitnesstraining.&nbsp; Auf Grund\nder Lage am Rande der Westerheide bietet sich die Anlage auch als Start- und\nZielpunkt f\u00fcr weitere Sportm\u00f6glichkeiten in der Natur an. Letztlich konnte mit\ndem Projekt auch f\u00fcr die Kinder, Jugendlichen und Sportbegeisterten in den\ns\u00fcdlichen Ortschaften unserer Gemeinde ein attraktives Sportangebot geschaffen\nwerden, welches die Sportangebote in H\u00f6ngen und (bald) in Saeffelen erfolgreich\nerg\u00e4nzen wird. <\/p>\n\n\n\n<p>\n \nFreuen\nsich \u00fcber das erfolgreiche Projekt im Westzipfel: Michael Kuck von der Firma\n\u201eKuck Fitness\u201c (links) und Michael Offermanns, 2. Gesch\u00e4ftsf\u00fchrer des FC\nWanderlust S\u00fcsterseel<\/p>\n\n\n\n<p><strong>Dank und Ausblick<\/strong><\/p>\n\n\n\n<p>Der FC Wanderlust S\u00fcsterseel\nbedankt sich bei Herrn Tobies vom Kreissportbund Heinsberg f\u00fcr die umfangreiche\nBeratung bei der Projektplanung sowie bei der Gemeinde Selfkant f\u00fcr die Unterst\u00fctzung.\nEin gro\u00dfes Dankesch\u00f6n geht an die Firma \u201eKuck Fitness\u201c f\u00fcr die professionelle\nund flexible Planung und Ausf\u00fchrung des Projektes sowie an alle tatkr\u00e4ftigen\nHelfer des Vereins. <\/p>\n\n\n\n<p>Auch f\u00fcr das Jahr 2022 gibt es\nvielversprechende Pl\u00e4ne zur Erweiterung des Sportangebotes im Heidestadion. Bis\nzu deren Umsetzung w\u00fcnscht der FC Wanderlust allen Sportbegeisterten erst\neinmal viel Spa\u00df und gute Trainingsergebnisse auf dem westlichsten Outdoor\nFitness Parcours Deutschlands!<\/p>\n\n\n\n<figure class=\"wp-block-gallery has-nested-images columns-default is-cropped\">\n<figure class=\"wp-block-image\"><img loading=\"lazy\" width=\"1024\" height=\"461\" data-id=\"566\"  src=\"https:\/\/fc-wanderlust.de\/wp-content\/uploads\/2022\/02\/Bild-3-1024x461.jpg\" alt=\"\" class=\"wp-image-566\" srcset=\"https:\/\/fc-wanderlust.de\/wp-content\/uploads\/2022\/02\/Bild-3-1024x461.jpg 1024w, https:\/\/fc-wanderlust.de\/wp-content\/uploads\/2022\/02\/Bild-3-300x135.jpg 300w, https:\/\/fc-wanderlust.de\/wp-content\/uploads\/2022\/02\/Bild-3-768x346.jpg 768w\" sizes=\"(max-width: 1024px) 100vw, 1024px\" \/><\/figure>\n\n\n\n<figure class=\"wp-block-image\"><img loading=\"lazy\" width=\"1024\" height=\"529\" data-id=\"567\"  src=\"https:\/\/fc-wanderlust.de\/wp-content\/uploads\/2022\/02\/Bild-5-1024x529.jpg\" alt=\"\" class=\"wp-image-567\" srcset=\"https:\/\/fc-wanderlust.de\/wp-content\/uploads\/2022\/02\/Bild-5-1024x529.jpg 1024w, https:\/\/fc-wanderlust.de\/wp-content\/uploads\/2022\/02\/Bild-5-300x155.jpg 300w, https:\/\/fc-wanderlust.de\/wp-content\/uploads\/2022\/02\/Bild-5-768x397.jpg 768w, https:\/\/fc-wanderlust.de\/wp-content\/uploads\/2022\/02\/Bild-5.jpg 1078w\" sizes=\"(max-width: 1024px) 100vw, 1024px\" \/><\/figure>\n\n\n\n<figure class=\"wp-block-image\"><img loading=\"lazy\" width=\"1024\" height=\"755\" data-id=\"568\"  src=\"https:\/\/fc-wanderlust.de\/wp-content\/uploads\/2022\/02\/Bild-6-1024x755.jpg\" alt=\"\" class=\"wp-image-568\" srcset=\"https:\/\/fc-wanderlust.de\/wp-content\/uploads\/2022\/02\/Bild-6-1024x755.jpg 1024w, https:\/\/fc-wanderlust.de\/wp-content\/uploads\/2022\/02\/Bild-6-300x221.jpg 300w, https:\/\/fc-wanderlust.de\/wp-content\/uploads\/2022\/02\/Bild-6-768x566.jpg 768w\" sizes=\"(max-width: 1024px) 100vw, 1024px\" \/><\/figure>\n\n\n\n<figure class=\"wp-block-image\"><img loading=\"lazy\" width=\"1024\" height=\"611\" data-id=\"569\"  src=\"https:\/\/fc-wanderlust.de\/wp-content\/uploads\/2022\/02\/Bild-7-1024x611.jpg\" alt=\"\" class=\"wp-image-569\" srcset=\"https:\/\/fc-wanderlust.de\/wp-content\/uploads\/2022\/02\/Bild-7-1024x611.jpg 1024w, https:\/\/fc-wanderlust.de\/wp-content\/uploads\/2022\/02\/Bild-7-300x179.jpg 300w, https:\/\/fc-wanderlust.de\/wp-content\/uploads\/2022\/02\/Bild-7-768x458.jpg 768w, https:\/\/fc-wanderlust.de\/wp-content\/uploads\/2022\/02\/Bild-7.jpg 1031w\" sizes=\"(max-width: 1024px) 100vw, 1024px\" \/><\/figure>\n<\/figure>\n\n\n\n<figure class=\"wp-block-gallery has-nested-images columns-default is-cropped\">\n<figure class=\"wp-block-image size-large\"><img loading=\"lazy\" width=\"1024\" height=\"615\" data-id=\"1533\"  src=\"https:\/\/fc-wanderlust.de\/wp-content\/uploads\/2024\/03\/IMG-20240324-WA0007-1-1024x615.jpg\" alt=\"\" class=\"wp-image-1533\" srcset=\"https:\/\/fc-wanderlust.de\/wp-content\/uploads\/2024\/03\/IMG-20240324-WA0007-1-1024x615.jpg 1024w, https:\/\/fc-wanderlust.de\/wp-content\/uploads\/2024\/03\/IMG-20240324-WA0007-1-300x180.jpg 300w, https:\/\/fc-wanderlust.de\/wp-content\/uploads\/2024\/03\/IMG-20240324-WA0007-1-768x461.jpg 768w, https:\/\/fc-wanderlust.de\/wp-content\/uploads\/2024\/03\/IMG-20240324-WA0007-1.jpg 1499w\" sizes=\"(max-width: 1024px) 100vw, 1024px\" \/><\/figure>\n\n\n\n<figure class=\"wp-block-image size-large\"><img loading=\"lazy\" width=\"1024\" height=\"461\" data-id=\"1534\"  src=\"https:\/\/fc-wanderlust.de\/wp-content\/uploads\/2024\/03\/IMG-20240324-WA0006-1-1024x461.jpg\" alt=\"\" class=\"wp-image-1534\" srcset=\"https:\/\/fc-wanderlust.de\/wp-content\/uploads\/2024\/03\/IMG-20240324-WA0006-1-1024x461.jpg 1024w, https:\/\/fc-wanderlust.de\/wp-content\/uploads\/2024\/03\/IMG-20240324-WA0006-1-300x135.jpg 300w, https:\/\/fc-wanderlust.de\/wp-content\/uploads\/2024\/03\/IMG-20240324-WA0006-1-768x346.jpg 768w, https:\/\/fc-wanderlust.de\/wp-content\/uploads\/2024\/03\/IMG-20240324-WA0006-1-1536x691.jpg 1536w, https:\/\/fc-wanderlust.de\/wp-content\/uploads\/2024\/03\/IMG-20240324-WA0006-1.jpg 1600w\" sizes=\"(max-width: 1024px) 100vw, 1024px\" \/><\/figure>\n\n\n\n<figure class=\"wp-block-image size-large\"><img loading=\"lazy\" width=\"1024\" height=\"461\" data-id=\"1538\"  src=\"https:\/\/fc-wanderlust.de\/wp-content\/uploads\/2024\/03\/IMG-20240324-WA0005-1-1024x461.jpg\" alt=\"\" class=\"wp-image-1538\" srcset=\"https:\/\/fc-wanderlust.de\/wp-content\/uploads\/2024\/03\/IMG-20240324-WA0005-1-1024x461.jpg 1024w, https:\/\/fc-wanderlust.de\/wp-content\/uploads\/2024\/03\/IMG-20240324-WA0005-1-300x135.jpg 300w, https:\/\/fc-wanderlust.de\/wp-content\/uploads\/2024\/03\/IMG-20240324-WA0005-1-768x346.jpg 768w, https:\/\/fc-wanderlust.de\/wp-content\/uploads\/2024\/03\/IMG-20240324-WA0005-1-1536x691.jpg 1536w, https:\/\/fc-wanderlust.de\/wp-content\/uploads\/2024\/03\/IMG-20240324-WA0005-1.jpg 1600w\" sizes=\"(max-width: 1024px) 100vw, 1024px\" \/><\/figure>\n\n\n\n<figure class=\"wp-block-image size-large\"><img loading=\"lazy\" width=\"1024\" height=\"461\" data-id=\"1535\"  src=\"https:\/\/fc-wanderlust.de\/wp-content\/uploads\/2024\/03\/IMG-20240324-WA0002-1-1024x461.jpg\" alt=\"\" class=\"wp-image-1535\" srcset=\"https:\/\/fc-wanderlust.de\/wp-content\/uploads\/2024\/03\/IMG-20240324-WA0002-1-1024x461.jpg 1024w, https:\/\/fc-wanderlust.de\/wp-content\/uploads\/2024\/03\/IMG-20240324-WA0002-1-300x135.jpg 300w, https:\/\/fc-wanderlust.de\/wp-content\/uploads\/2024\/03\/IMG-20240324-WA0002-1-768x346.jpg 768w, https:\/\/fc-wanderlust.de\/wp-content\/uploads\/2024\/03\/IMG-20240324-WA0002-1-1536x691.jpg 1536w, https:\/\/fc-wanderlust.de\/wp-content\/uploads\/2024\/03\/IMG-20240324-WA0002-1.jpg 1600w\" sizes=\"(max-width: 1024px) 100vw, 1024px\" \/><\/figure>\n\n\n\n<figure class=\"wp-block-image size-large\"><img loading=\"lazy\" width=\"1024\" height=\"461\" data-id=\"1539\"  src=\"https:\/\/fc-wanderlust.de\/wp-content\/uploads\/2024\/03\/IMG-20240324-WA0004-1-1024x461.jpg\" alt=\"\" class=\"wp-image-1539\" srcset=\"https:\/\/fc-wanderlust.de\/wp-content\/uploads\/2024\/03\/IMG-20240324-WA0004-1-1024x461.jpg 1024w, https:\/\/fc-wanderlust.de\/wp-content\/uploads\/2024\/03\/IMG-20240324-WA0004-1-300x135.jpg 300w, https:\/\/fc-wanderlust.de\/wp-content\/uploads\/2024\/03\/IMG-20240324-WA0004-1-768x346.jpg 768w, https:\/\/fc-wanderlust.de\/wp-content\/uploads\/2024\/03\/IMG-20240324-WA0004-1-1536x691.jpg 1536w, https:\/\/fc-wanderlust.de\/wp-content\/uploads\/2024\/03\/IMG-20240324-WA0004-1.jpg 1600w\" sizes=\"(max-width: 1024px) 100vw, 1024px\" \/><\/figure>\n\n\n\n<figure class=\"wp-block-image size-large\"><img loading=\"lazy\" width=\"1024\" height=\"461\" data-id=\"1542\"  src=\"https:\/\/fc-wanderlust.de\/wp-content\/uploads\/2024\/03\/IMG-20240324-WA0003-1024x461.jpg\" alt=\"\" class=\"wp-image-1542\" srcset=\"https:\/\/fc-wanderlust.de\/wp-content\/uploads\/2024\/03\/IMG-20240324-WA0003-1024x461.jpg 1024w, https:\/\/fc-wanderlust.de\/wp-content\/uploads\/2024\/03\/IMG-20240324-WA0003-300x135.jpg 300w, https:\/\/fc-wanderlust.de\/wp-content\/uploads\/2024\/03\/IMG-20240324-WA0003-768x346.jpg 768w, https:\/\/fc-wanderlust.de\/wp-content\/uploads\/2024\/03\/IMG-20240324-WA0003-1536x691.jpg 1536w, https:\/\/fc-wanderlust.de\/wp-content\/uploads\/2024\/03\/IMG-20240324-WA0003.jpg 1600w\" sizes=\"(max-width: 1024px) 100vw, 1024px\" \/><\/figure>\n\n\n\n<figure class=\"wp-block-image size-large\"><img loading=\"lazy\" width=\"1024\" height=\"461\" data-id=\"1536\"  src=\"https:\/\/fc-wanderlust.de\/wp-content\/uploads\/2024\/03\/IMG-20240323-WA0015-1-1024x461.jpg\" alt=\"\" class=\"wp-image-1536\" srcset=\"https:\/\/fc-wanderlust.de\/wp-content\/uploads\/2024\/03\/IMG-20240323-WA0015-1-1024x461.jpg 1024w, https:\/\/fc-wanderlust.de\/wp-content\/uploads\/2024\/03\/IMG-20240323-WA0015-1-300x135.jpg 300w, https:\/\/fc-wanderlust.de\/wp-content\/uploads\/2024\/03\/IMG-20240323-WA0015-1-768x346.jpg 768w, https:\/\/fc-wanderlust.de\/wp-content\/uploads\/2024\/03\/IMG-20240323-WA0015-1-1536x691.jpg 1536w, https:\/\/fc-wanderlust.de\/wp-content\/uploads\/2024\/03\/IMG-20240323-WA0015-1.jpg 2000w\" sizes=\"(max-width: 1024px) 100vw, 1024px\" \/><\/figure>\n\n\n\n<figure class=\"wp-block-image size-large\"><img loading=\"lazy\" width=\"1024\" height=\"461\" data-id=\"1537\"  src=\"https:\/\/fc-wanderlust.de\/wp-content\/uploads\/2024\/03\/IMG-20240323-WA0014-1024x461.jpg\" alt=\"\" class=\"wp-image-1537\" srcset=\"https:\/\/fc-wanderlust.de\/wp-content\/uploads\/2024\/03\/IMG-20240323-WA0014-1024x461.jpg 1024w, https:\/\/fc-wanderlust.de\/wp-content\/uploads\/2024\/03\/IMG-20240323-WA0014-300x135.jpg 300w, https:\/\/fc-wanderlust.de\/wp-content\/uploads\/2024\/03\/IMG-20240323-WA0014-768x346.jpg 768w, https:\/\/fc-wanderlust.de\/wp-content\/uploads\/2024\/03\/IMG-20240323-WA0014-1536x691.jpg 1536w, https:\/\/fc-wanderlust.de\/wp-content\/uploads\/2024\/03\/IMG-20240323-WA0014.jpg 2000w\" sizes=\"(max-width: 1024px) 100vw, 1024px\" \/><\/figure>\n\n\n\n<figure class=\"wp-block-image size-large\"><img loading=\"lazy\" width=\"1024\" height=\"517\" data-id=\"1543\"  src=\"https:\/\/fc-wanderlust.de\/wp-content\/uploads\/2024\/03\/IMG-20240323-WA0009-1024x517.jpg\" alt=\"\" class=\"wp-image-1543\" srcset=\"https:\/\/fc-wanderlust.de\/wp-content\/uploads\/2024\/03\/IMG-20240323-WA0009-1024x517.jpg 1024w, https:\/\/fc-wanderlust.de\/wp-content\/uploads\/2024\/03\/IMG-20240323-WA0009-300x151.jpg 300w, https:\/\/fc-wanderlust.de\/wp-content\/uploads\/2024\/03\/IMG-20240323-WA0009-768x388.jpg 768w, https:\/\/fc-wanderlust.de\/wp-content\/uploads\/2024\/03\/IMG-20240323-WA0009-1536x776.jpg 1536w, https:\/\/fc-wanderlust.de\/wp-content\/uploads\/2024\/03\/IMG-20240323-WA0009.jpg 2048w\" sizes=\"(max-width: 1024px) 100vw, 1024px\" \/><\/figure>\n\n\n\n<figure class=\"wp-block-image size-large\"><img loading=\"lazy\" width=\"1024\" height=\"550\" data-id=\"1540\"  src=\"https:\/\/fc-wanderlust.de\/wp-content\/uploads\/2024\/03\/IMG-20240323-WA0010-1024x550.jpg\" alt=\"\" class=\"wp-image-1540\" srcset=\"https:\/\/fc-wanderlust.de\/wp-content\/uploads\/2024\/03\/IMG-20240323-WA0010-1024x550.jpg 1024w, https:\/\/fc-wanderlust.de\/wp-content\/uploads\/2024\/03\/IMG-20240323-WA0010-300x161.jpg 300w, https:\/\/fc-wanderlust.de\/wp-content\/uploads\/2024\/03\/IMG-20240323-WA0010-768x412.jpg 768w, https:\/\/fc-wanderlust.de\/wp-content\/uploads\/2024\/03\/IMG-20240323-WA0010-1536x824.jpg 1536w, https:\/\/fc-wanderlust.de\/wp-content\/uploads\/2024\/03\/IMG-20240323-WA0010.jpg 1677w\" sizes=\"(max-width: 1024px) 100vw, 1024px\" \/><\/figure>\n\n\n\n<figure class=\"wp-block-image size-large\"><img loading=\"lazy\" width=\"1024\" height=\"461\" data-id=\"1541\"  src=\"https:\/\/fc-wanderlust.de\/wp-content\/uploads\/2024\/03\/IMG-20240323-WA0012-1-1024x461.jpg\" alt=\"\" class=\"wp-image-1541\" srcset=\"https:\/\/fc-wanderlust.de\/wp-content\/uploads\/2024\/03\/IMG-20240323-WA0012-1-1024x461.jpg 1024w, https:\/\/fc-wanderlust.de\/wp-content\/uploads\/2024\/03\/IMG-20240323-WA0012-1-300x135.jpg 300w, https:\/\/fc-wanderlust.de\/wp-content\/uploads\/2024\/03\/IMG-20240323-WA0012-1-768x346.jpg 768w, https:\/\/fc-wanderlust.de\/wp-content\/uploads\/2024\/03\/IMG-20240323-WA0012-1-1536x691.jpg 1536w, https:\/\/fc-wanderlust.de\/wp-content\/uploads\/2024\/03\/IMG-20240323-WA0012-1.jpg 2000w\" sizes=\"(max-width: 1024px) 100vw, 1024px\" \/><\/figure>\n<\/figure>\n","protected":false},"excerpt":{"rendered":"<p>FC Wanderlust baut den westlichsten Outdoor Fitness Parcours Deutschlands S\u00fcsterseel \u2013 \u201eJust do it!\u201c dachte sich der Vorstand des FC Wanderlust S\u00fcsterseel Anfang des letzten Jahres. Da die Vorbereitungen zum 100j\u00e4hrigen Vereinsjubil\u00e4um coronabedingt ins Stocken geraten waren, widmete man sich einem neuen Projekt, um das Sportangebot im S\u00fcsterseeler Heidestadion noch attraktiver und moderner zu gestalten. [&hellip;]<\/p>\n","protected":false},"author":1,"featured_media":0,"parent":19,"menu_order":11,"comment_status":"closed","ping_status":"closed","template":"","meta":[],"_links":{"self":[{"href":"https:\/\/fc-wanderlust.de\/index.php?rest_route=\/wp\/v2\/pages\/23"}],"collection":[{"href":"https:\/\/fc-wanderlust.de\/index.php?rest_route=\/wp\/v2\/pages"}],"about":[{"href":"https:\/\/fc-wanderlust.de\/index.php?rest_route=\/wp\/v2\/types\/page"}],"author":[{"embeddable":true,"href":"https:\/\/fc-wanderlust.de\/index.php?rest_route=\/wp\/v2\/users\/1"}],"replies":[{"embeddable":true,"href":"https:\/\/fc-wanderlust.de\/index.php?rest_route=%2Fwp%2Fv2%2Fcomments&post=23"}],"version-history":[{"count":2,"href":"https:\/\/fc-wanderlust.de\/index.php?rest_route=\/wp\/v2\/pages\/23\/revisions"}],"predecessor-version":[{"id":1544,"href":"https:\/\/fc-wanderlust.de\/index.php?rest_route=\/wp\/v2\/pages\/23\/revisions\/1544"}],"up":[{"embeddable":true,"href":"https:\/\/fc-wanderlust.de\/index.php?rest_route=\/wp\/v2\/pages\/19"}],"wp:attachment":[{"href":"https:\/\/fc-wanderlust.de\/index.php?rest_route=%2Fwp%2Fv2%2Fmedia&parent=23"}],"curies":[{"name":"wp","href":"https:\/\/api.w.org\/{rel}","templated":true}]}}