{"id":22,"date":"2019-05-25T12:11:58","date_gmt":"2019-05-25T12:11:58","guid":{"rendered":"https:\/\/fc-wanderlust.de\/?page_id=22"},"modified":"2022-07-13T14:23:50","modified_gmt":"2022-07-13T12:23:50","slug":"sportheim","status":"publish","type":"page","link":"https:\/\/fc-wanderlust.de\/?page_id=22","title":{"rendered":"Sportheim"},"content":{"rendered":"\n<figure class=\"wp-block-image\"><img loading=\"lazy\" width=\"581\" height=\"335\" src=\"https:\/\/fc-wanderlust.de\/wp-content\/uploads\/2021\/10\/Sportheime.jpg\" alt=\"\" class=\"wp-image-521\" srcset=\"https:\/\/fc-wanderlust.de\/wp-content\/uploads\/2021\/10\/Sportheime.jpg 581w, https:\/\/fc-wanderlust.de\/wp-content\/uploads\/2021\/10\/Sportheime-300x173.jpg 300w\" sizes=\"(max-width: 581px) 100vw, 581px\" \/><\/figure>\n\n\n\n<p>Nach 52 Jahren hat das alte Sportheim seine Dienste erf\u00fcllt. Der Wandel der Zeit stellt auch beim FC Wanderlust neue Anspr\u00fcche, die nun ab dem Jahr 2011 mit der Fertigstellung des neuen Sportheims vollkommen abgedeckt werden k\u00f6nnen <\/p>\n\n\n\n<h2>Abriss vom alten Clubheim<\/h2>\n\n\n\n<figure class=\"wp-block-image\"><img loading=\"lazy\" width=\"1024\" height=\"683\" src=\"https:\/\/fc-wanderlust.de\/wp-content\/uploads\/2021\/10\/AltesSportheim-1024x683.jpg\" alt=\"\" class=\"wp-image-519\" srcset=\"https:\/\/fc-wanderlust.de\/wp-content\/uploads\/2021\/10\/AltesSportheim-1024x683.jpg 1024w, https:\/\/fc-wanderlust.de\/wp-content\/uploads\/2021\/10\/AltesSportheim-300x200.jpg 300w, https:\/\/fc-wanderlust.de\/wp-content\/uploads\/2021\/10\/AltesSportheim-768x512.jpg 768w\" sizes=\"(max-width: 1024px) 100vw, 1024px\" \/><\/figure>\n\n\n\n<figure class=\"wp-block-gallery has-nested-images columns-default is-cropped\">\n<figure class=\"wp-block-image\"><img loading=\"lazy\" width=\"1024\" height=\"576\" data-id=\"510\"  src=\"https:\/\/fc-wanderlust.de\/wp-content\/uploads\/2021\/10\/IMG-20200125-WA0011-1024x576.jpg\" alt=\"\" class=\"wp-image-510\" srcset=\"https:\/\/fc-wanderlust.de\/wp-content\/uploads\/2021\/10\/IMG-20200125-WA0011-1024x576.jpg 1024w, https:\/\/fc-wanderlust.de\/wp-content\/uploads\/2021\/10\/IMG-20200125-WA0011-300x169.jpg 300w, https:\/\/fc-wanderlust.de\/wp-content\/uploads\/2021\/10\/IMG-20200125-WA0011-768x432.jpg 768w, https:\/\/fc-wanderlust.de\/wp-content\/uploads\/2021\/10\/IMG-20200125-WA0011.jpg 1600w\" sizes=\"(max-width: 1024px) 100vw, 1024px\" \/><\/figure>\n\n\n\n<figure class=\"wp-block-image\"><img loading=\"lazy\" width=\"1024\" height=\"576\" data-id=\"511\"  src=\"https:\/\/fc-wanderlust.de\/wp-content\/uploads\/2021\/10\/IMG-20200125-WA0020-1024x576.jpg\" alt=\"\" class=\"wp-image-511\" srcset=\"https:\/\/fc-wanderlust.de\/wp-content\/uploads\/2021\/10\/IMG-20200125-WA0020-1024x576.jpg 1024w, https:\/\/fc-wanderlust.de\/wp-content\/uploads\/2021\/10\/IMG-20200125-WA0020-300x169.jpg 300w, https:\/\/fc-wanderlust.de\/wp-content\/uploads\/2021\/10\/IMG-20200125-WA0020-768x432.jpg 768w, https:\/\/fc-wanderlust.de\/wp-content\/uploads\/2021\/10\/IMG-20200125-WA0020.jpg 1600w\" sizes=\"(max-width: 1024px) 100vw, 1024px\" \/><\/figure>\n\n\n\n<figure class=\"wp-block-image\"><img loading=\"lazy\" width=\"1024\" height=\"576\" data-id=\"512\"  src=\"https:\/\/fc-wanderlust.de\/wp-content\/uploads\/2021\/10\/IMG-20200125-WA0025-1024x576.jpg\" alt=\"\" class=\"wp-image-512\" srcset=\"https:\/\/fc-wanderlust.de\/wp-content\/uploads\/2021\/10\/IMG-20200125-WA0025-1024x576.jpg 1024w, https:\/\/fc-wanderlust.de\/wp-content\/uploads\/2021\/10\/IMG-20200125-WA0025-300x169.jpg 300w, https:\/\/fc-wanderlust.de\/wp-content\/uploads\/2021\/10\/IMG-20200125-WA0025-768x432.jpg 768w, https:\/\/fc-wanderlust.de\/wp-content\/uploads\/2021\/10\/IMG-20200125-WA0025.jpg 1600w\" sizes=\"(max-width: 1024px) 100vw, 1024px\" \/><\/figure>\n\n\n\n<figure class=\"wp-block-image\"><img loading=\"lazy\" width=\"609\" height=\"812\" data-id=\"513\"  src=\"https:\/\/fc-wanderlust.de\/wp-content\/uploads\/2021\/10\/IMG-20200125-WA0049.jpg\" alt=\"\" class=\"wp-image-513\" srcset=\"https:\/\/fc-wanderlust.de\/wp-content\/uploads\/2021\/10\/IMG-20200125-WA0049.jpg 609w, https:\/\/fc-wanderlust.de\/wp-content\/uploads\/2021\/10\/IMG-20200125-WA0049-225x300.jpg 225w\" sizes=\"(max-width: 609px) 100vw, 609px\" \/><\/figure>\n\n\n\n<figure class=\"wp-block-image\"><img loading=\"lazy\" width=\"970\" height=\"728\" data-id=\"514\"  src=\"https:\/\/fc-wanderlust.de\/wp-content\/uploads\/2021\/10\/IMG-20200125-WA0069.jpg\" alt=\"\" class=\"wp-image-514\" srcset=\"https:\/\/fc-wanderlust.de\/wp-content\/uploads\/2021\/10\/IMG-20200125-WA0069.jpg 970w, https:\/\/fc-wanderlust.de\/wp-content\/uploads\/2021\/10\/IMG-20200125-WA0069-300x225.jpg 300w, https:\/\/fc-wanderlust.de\/wp-content\/uploads\/2021\/10\/IMG-20200125-WA0069-768x576.jpg 768w\" sizes=\"(max-width: 970px) 100vw, 970px\" \/><\/figure>\n\n\n\n<figure class=\"wp-block-image\"><img loading=\"lazy\" width=\"1024\" height=\"768\" data-id=\"515\"  src=\"https:\/\/fc-wanderlust.de\/wp-content\/uploads\/2021\/10\/IMG-20200201-WA0004-1024x768.jpg\" alt=\"\" class=\"wp-image-515\" srcset=\"https:\/\/fc-wanderlust.de\/wp-content\/uploads\/2021\/10\/IMG-20200201-WA0004.jpg 1024w, https:\/\/fc-wanderlust.de\/wp-content\/uploads\/2021\/10\/IMG-20200201-WA0004-300x225.jpg 300w, https:\/\/fc-wanderlust.de\/wp-content\/uploads\/2021\/10\/IMG-20200201-WA0004-768x576.jpg 768w\" sizes=\"(max-width: 1024px) 100vw, 1024px\" \/><\/figure>\n\n\n\n<figure class=\"wp-block-image\"><img loading=\"lazy\" width=\"1024\" height=\"768\" data-id=\"516\"  src=\"https:\/\/fc-wanderlust.de\/wp-content\/uploads\/2021\/10\/IMG-20200201-WA0005-1024x768.jpg\" alt=\"\" class=\"wp-image-516\" srcset=\"https:\/\/fc-wanderlust.de\/wp-content\/uploads\/2021\/10\/IMG-20200201-WA0005.jpg 1024w, https:\/\/fc-wanderlust.de\/wp-content\/uploads\/2021\/10\/IMG-20200201-WA0005-300x225.jpg 300w, https:\/\/fc-wanderlust.de\/wp-content\/uploads\/2021\/10\/IMG-20200201-WA0005-768x576.jpg 768w\" sizes=\"(max-width: 1024px) 100vw, 1024px\" \/><\/figure>\n\n\n\n<figure class=\"wp-block-image\"><img loading=\"lazy\" width=\"970\" height=\"728\" data-id=\"517\"  src=\"https:\/\/fc-wanderlust.de\/wp-content\/uploads\/2021\/10\/IMG-20200125-WA0069-1.jpg\" alt=\"\" class=\"wp-image-517\" srcset=\"https:\/\/fc-wanderlust.de\/wp-content\/uploads\/2021\/10\/IMG-20200125-WA0069-1.jpg 970w, https:\/\/fc-wanderlust.de\/wp-content\/uploads\/2021\/10\/IMG-20200125-WA0069-1-300x225.jpg 300w, https:\/\/fc-wanderlust.de\/wp-content\/uploads\/2021\/10\/IMG-20200125-WA0069-1-768x576.jpg 768w\" sizes=\"(max-width: 970px) 100vw, 970px\" \/><\/figure>\n<\/figure>\n\n\n\n<h2>Das neue Sportheim<\/h2>\n\n\n\n<figure class=\"wp-block-gallery has-nested-images columns-default is-cropped\">\n<figure class=\"wp-block-image\"><img loading=\"lazy\" width=\"1024\" height=\"326\" data-id=\"838\"  src=\"https:\/\/fc-wanderlust.de\/wp-content\/uploads\/2022\/07\/Kopie-Sortheim-scaled-1024x326.jpg\" alt=\"\" class=\"wp-image-838\" srcset=\"https:\/\/fc-wanderlust.de\/wp-content\/uploads\/2022\/07\/Kopie-Sortheim-scaled-1024x326.jpg 1024w, https:\/\/fc-wanderlust.de\/wp-content\/uploads\/2022\/07\/Kopie-Sortheim-scaled-300x96.jpg 300w, https:\/\/fc-wanderlust.de\/wp-content\/uploads\/2022\/07\/Kopie-Sortheim-768x245.jpg 768w, https:\/\/fc-wanderlust.de\/wp-content\/uploads\/2022\/07\/Kopie-Sortheim-scaled-1536x489.jpg 1536w, https:\/\/fc-wanderlust.de\/wp-content\/uploads\/2022\/07\/Kopie-Sortheim-scaled-2048x652.jpg 2048w\" sizes=\"(max-width: 1024px) 100vw, 1024px\" \/><\/figure>\n<\/figure>\n\n\n\n<p>Das neue Sportheim verf\u00fcgt \u00fcber 4 Umkleidekabinen, 1 Schiedsrichterkabine, einer gro\u00dfen Kantine mit Theke, Kicker und Billardtisch sowie einer gro\u00dfen \u00fcberdachten Terrasse!<\/p>\n","protected":false},"excerpt":{"rendered":"<p>Nach 52 Jahren hat das alte Sportheim seine Dienste erf\u00fcllt. Der Wandel der Zeit stellt auch beim FC Wanderlust neue Anspr\u00fcche, die nun ab dem Jahr 2011 mit der Fertigstellung des neuen Sportheims vollkommen abgedeckt werden k\u00f6nnen Abriss vom alten Clubheim Das neue Sportheim Das neue Sportheim verf\u00fcgt \u00fcber 4 Umkleidekabinen, 1 Schiedsrichterkabine, einer gro\u00dfen [&hellip;]<\/p>\n","protected":false},"author":1,"featured_media":0,"parent":19,"menu_order":10,"comment_status":"closed","ping_status":"closed","template":"","meta":[],"_links":{"self":[{"href":"https:\/\/fc-wanderlust.de\/index.php?rest_route=\/wp\/v2\/pages\/22"}],"collection":[{"href":"https:\/\/fc-wanderlust.de\/index.php?rest_route=\/wp\/v2\/pages"}],"about":[{"href":"https:\/\/fc-wanderlust.de\/index.php?rest_route=\/wp\/v2\/types\/page"}],"author":[{"embeddable":true,"href":"https:\/\/fc-wanderlust.de\/index.php?rest_route=\/wp\/v2\/users\/1"}],"replies":[{"embeddable":true,"href":"https:\/\/fc-wanderlust.de\/index.php?rest_route=%2Fwp%2Fv2%2Fcomments&post=22"}],"version-history":[{"count":4,"href":"https:\/\/fc-wanderlust.de\/index.php?rest_route=\/wp\/v2\/pages\/22\/revisions"}],"predecessor-version":[{"id":841,"href":"https:\/\/fc-wanderlust.de\/index.php?rest_route=\/wp\/v2\/pages\/22\/revisions\/841"}],"up":[{"embeddable":true,"href":"https:\/\/fc-wanderlust.de\/index.php?rest_route=\/wp\/v2\/pages\/19"}],"wp:attachment":[{"href":"https:\/\/fc-wanderlust.de\/index.php?rest_route=%2Fwp%2Fv2%2Fmedia&parent=22"}],"curies":[{"name":"wp","href":"https:\/\/api.w.org\/{rel}","templated":true}]}}