{"id":21,"date":"2019-05-25T12:11:57","date_gmt":"2019-05-25T12:11:57","guid":{"rendered":"https:\/\/fc-wanderlust.de\/?page_id=21"},"modified":"2019-05-25T12:11:57","modified_gmt":"2019-05-25T12:11:57","slug":"trainingsplatz","status":"publish","type":"page","link":"https:\/\/fc-wanderlust.de\/?page_id=21","title":{"rendered":"Trainingsplatz"},"content":{"rendered":"<p style=\"margin-top: 0.5em; margin-bottom: 0.5em; font-family: Arial, Helvetica, sans-serif; font-weight: 400; text-align: center; background-color: rgb(214, 214, 214);\"><img loading=\"lazy\" src=\"http:\/\/fc-wanderlust.de\/images\/stories\/trainingsplatztopbild.jpg\" alt=\"trainingsplatztopbild\" width=\"500\" height=\"333\" class=\"\"><\/p>\n<p style=\"margin-top: 0.5em; margin-bottom: 0.5em; font-family: Arial, Helvetica, sans-serif; font-weight: 400; text-align: justify; background-color: rgb(214, 214, 214);\"><span style=\"font-size: 14pt;\"><span style=\"font-family: 'times new roman', times;\">Unser Trainingsplatz liegt etwas abseits des Hauptplatzes<\/span><span style=\"font-family: 'times new roman', times;\">&nbsp;am Waldrand der Westerheide. Der 120m x 70m gro\u00dfe Rasenplatz&nbsp;wurde im Jahr 2009 neu angelegt und bietet unseren Mannschaften im Sommer wie im Winter opitmale Trainingsbedingungen.<\/span><\/span><\/p>\n<p style=\"margin-top: 0.5em; margin-bottom: 0.5em; font-family: Arial, Helvetica, sans-serif; font-weight: 400; text-align: justify; background-color: rgb(214, 214, 214);\"><a target=\"_blank\" href=\"http:\/\/fc-wanderlust.de\/images\/stories\/Trainingsplatz_Tore.jpg\" title=\"Trainingsplatz\" class=\"jcepopup noicon\" style=\"color: rgb(117, 117, 117);\" rel=\"noopener noreferrer\"><img loading=\"lazy\" src=\"http:\/\/fc-wanderlust.de\/images\/stories\/Trainingsplatz_Tore.jpg\" alt=\"Trainingsplatz_Tore\" width=\"200\" height=\"133\"><\/a>&nbsp;&nbsp;&nbsp;&nbsp;&nbsp;&nbsp;&nbsp;&nbsp;&nbsp;&nbsp;&nbsp;&nbsp;&nbsp;&nbsp;&nbsp;&nbsp;&nbsp;<a target=\"_blank\" href=\"http:\/\/fc-wanderlust.de\/images\/stories\/Trainingsplatz_im_Flutlicht.jpg\" title=\"Trainingsplatz\" class=\"jcepopup noicon\" style=\"color: rgb(117, 117, 117);\" rel=\"noopener noreferrer\"><img loading=\"lazy\" src=\"http:\/\/fc-wanderlust.de\/images\/stories\/Trainingsplatz_im_Flutlicht.jpg\" alt=\"Trainingsplatz_im_Flutlicht\" width=\"200\" height=\"133\"><\/a><\/p>\n<p style=\"margin-top: 0.5em; margin-bottom: 0.5em; font-family: Arial, Helvetica, sans-serif; font-weight: 400; text-align: justify; background-color: rgb(214, 214, 214);\"><span style=\"font-size: 18pt;\"><span style=\"font-family: 'times new roman', times;\"><span style=\"font-size: 14pt;\">Ausgestattet ist der Platz&nbsp;mit mehreren Trainingstoren, zwei Fangz\u00e4unen, sechs Flutlichtmasten sowie einer kleinen Trib\u00fcne und einem Unterstand.<\/span><\/span><\/span><\/p>\n<p style=\"margin-top: 0.5em; margin-bottom: 0.5em; font-family: Arial, Helvetica, sans-serif; font-weight: 400; text-align: justify; background-color: rgb(214, 214, 214);\"><a target=\"_blank\" href=\"http:\/\/fc-wanderlust.de\/images\/stories\/Trainingsplatz_linke_Ecke.jpg\" title=\"Trainingsplatz\" class=\"jcepopup noicon\" style=\"color: rgb(117, 117, 117);\" rel=\"noopener noreferrer\"><img loading=\"lazy\" src=\"http:\/\/fc-wanderlust.de\/images\/stories\/Trainingsplatz_linke_Ecke.jpg\" alt=\"Trainingsplatz_linke_Ecke\" width=\"200\" height=\"133\"><\/a>&nbsp;&nbsp;&nbsp;&nbsp;&nbsp;&nbsp;&nbsp;&nbsp;&nbsp;&nbsp;&nbsp;&nbsp;&nbsp;&nbsp;&nbsp;&nbsp;&nbsp;<a target=\"_blank\" href=\"http:\/\/fc-wanderlust.de\/images\/stories\/Trainingsplatz_rechte_Ecke.jpg\" title=\"Trainingsplatz\" class=\"jcepopup noicon\" style=\"color: rgb(117, 117, 117);\" rel=\"noopener noreferrer\"><img loading=\"lazy\" src=\"http:\/\/fc-wanderlust.de\/images\/stories\/Trainingsplatz_rechte_Ecke.jpg\" alt=\"Trainingsplatz_rechte_Ecke\" width=\"200\" height=\"133\"><\/a><\/p>\n<p style=\"margin-top: 0.5em; margin-bottom: 0.5em; font-family: Arial, Helvetica, sans-serif; font-weight: 400; text-align: justify; background-color: rgb(214, 214, 214);\"><span style=\"font-size: 18pt;\"><span style=\"font-family: 'times new roman', times;\"><span style=\"font-size: 14pt;\">Des Weiteren existiert eine 75m x 45m gro\u00dfe Trainingsfl\u00e4che am s\u00fcdlichen Kopfende des Hauptplatzes, die ebenfalls mit drei Flutlichtmasten ausgestattet ist.<\/span><\/span><\/span>&nbsp;<br \/><a class=\"jcepopup noicon\" target=\"_blank\" title=\"Trainingsfl\u00e4che am Hauptplatz\" href=\"http:\/\/fc-wanderlust.de\/images\/stories\/Trainingsflaeche.jpg\" style=\"color: rgb(117, 117, 117);\" rel=\"noopener noreferrer\"><\/a><\/p>\n<p style=\"margin-top: 0.5em; margin-bottom: 0.5em; font-family: Arial, Helvetica, sans-serif; font-weight: 400; text-align: center; background-color: rgb(214, 214, 214);\"><img loading=\"lazy\" alt=\"Trainingsflaeche\" src=\"http:\/\/fc-wanderlust.de\/images\/stories\/Trainingsflaeche.jpg\" width=\"500\" height=\"270\"><\/p>\n<div style=\"font-family: Arial, Helvetica, sans-serif; font-weight: 400; background-color: rgb(214, 214, 214); text-align: justify;\"><span style=\"font-size: 14pt;\"><span style=\"font-family: 'times new roman', times;\">W\u00e4hrend der Saisonvorbereitung und in der Winterpause wird auch die S\u00fcsterseeler Turnhalle f\u00fcr Trainingseinheiten genutzt. Die Jugendmannschaften trainieren im Winter dort einmal w\u00f6chentlich.<\/span><\/span><\/div>\n<p><\/p>\n","protected":false},"excerpt":{"rendered":"<p>Unser Trainingsplatz liegt etwas abseits des Hauptplatzes&nbsp;am Waldrand der Westerheide. Der 120m x 70m gro\u00dfe Rasenplatz&nbsp;wurde im Jahr 2009 neu angelegt und bietet unseren Mannschaften im Sommer wie im Winter opitmale Trainingsbedingungen. &nbsp;&nbsp;&nbsp;&nbsp;&nbsp;&nbsp;&nbsp;&nbsp;&nbsp;&nbsp;&nbsp;&nbsp;&nbsp;&nbsp;&nbsp;&nbsp;&nbsp; Ausgestattet ist der Platz&nbsp;mit mehreren Trainingstoren, zwei Fangz\u00e4unen, sechs Flutlichtmasten sowie einer kleinen Trib\u00fcne und einem Unterstand. &nbsp;&nbsp;&nbsp;&nbsp;&nbsp;&nbsp;&nbsp;&nbsp;&nbsp;&nbsp;&nbsp;&nbsp;&nbsp;&nbsp;&nbsp;&nbsp;&nbsp; Des Weiteren existiert eine [&hellip;]<\/p>\n","protected":false},"author":1,"featured_media":0,"parent":19,"menu_order":9,"comment_status":"closed","ping_status":"closed","template":"","meta":[],"_links":{"self":[{"href":"https:\/\/fc-wanderlust.de\/index.php?rest_route=\/wp\/v2\/pages\/21"}],"collection":[{"href":"https:\/\/fc-wanderlust.de\/index.php?rest_route=\/wp\/v2\/pages"}],"about":[{"href":"https:\/\/fc-wanderlust.de\/index.php?rest_route=\/wp\/v2\/types\/page"}],"author":[{"embeddable":true,"href":"https:\/\/fc-wanderlust.de\/index.php?rest_route=\/wp\/v2\/users\/1"}],"replies":[{"embeddable":true,"href":"https:\/\/fc-wanderlust.de\/index.php?rest_route=%2Fwp%2Fv2%2Fcomments&post=21"}],"version-history":[{"count":0,"href":"https:\/\/fc-wanderlust.de\/index.php?rest_route=\/wp\/v2\/pages\/21\/revisions"}],"up":[{"embeddable":true,"href":"https:\/\/fc-wanderlust.de\/index.php?rest_route=\/wp\/v2\/pages\/19"}],"wp:attachment":[{"href":"https:\/\/fc-wanderlust.de\/index.php?rest_route=%2Fwp%2Fv2%2Fmedia&parent=21"}],"curies":[{"name":"wp","href":"https:\/\/api.w.org\/{rel}","templated":true}]}}