{"id":20,"date":"2019-05-25T12:11:56","date_gmt":"2019-05-25T12:11:56","guid":{"rendered":"https:\/\/fc-wanderlust.de\/?page_id=20"},"modified":"2022-08-01T08:51:50","modified_gmt":"2022-08-01T06:51:50","slug":"heidestadion","status":"publish","type":"page","link":"https:\/\/fc-wanderlust.de\/?page_id=20","title":{"rendered":"Heidestadion"},"content":{"rendered":"\n\n\n<figure class=\"wp-block-gallery has-nested-images columns-default is-cropped\">\n<figure class=\"wp-block-image size-large\"><img loading=\"lazy\" width=\"1024\" height=\"458\" data-id=\"963\"  src=\"https:\/\/fc-wanderlust.de\/wp-content\/uploads\/2022\/08\/Clubheim-scaled-1024x458.jpg\" alt=\"\" class=\"wp-image-963\" srcset=\"https:\/\/fc-wanderlust.de\/wp-content\/uploads\/2022\/08\/Clubheim-scaled-1024x458.jpg 1024w, https:\/\/fc-wanderlust.de\/wp-content\/uploads\/2022\/08\/Clubheim-scaled-300x134.jpg 300w, https:\/\/fc-wanderlust.de\/wp-content\/uploads\/2022\/08\/Clubheim-768x344.jpg 768w, https:\/\/fc-wanderlust.de\/wp-content\/uploads\/2022\/08\/Clubheim-scaled-1536x688.jpg 1536w, https:\/\/fc-wanderlust.de\/wp-content\/uploads\/2022\/08\/Clubheim-scaled-2048x917.jpg 2048w\" sizes=\"(max-width: 1024px) 100vw, 1024px\" \/><\/figure>\n\n\n\n<figure class=\"wp-block-image size-large\"><img loading=\"lazy\" width=\"1024\" height=\"534\" data-id=\"965\"  src=\"https:\/\/fc-wanderlust.de\/wp-content\/uploads\/2022\/08\/DSC_0007-scaled-1024x534.jpg\" alt=\"\" class=\"wp-image-965\" srcset=\"https:\/\/fc-wanderlust.de\/wp-content\/uploads\/2022\/08\/DSC_0007-scaled-1024x534.jpg 1024w, https:\/\/fc-wanderlust.de\/wp-content\/uploads\/2022\/08\/DSC_0007-scaled-300x156.jpg 300w, https:\/\/fc-wanderlust.de\/wp-content\/uploads\/2022\/08\/DSC_0007-768x400.jpg 768w, https:\/\/fc-wanderlust.de\/wp-content\/uploads\/2022\/08\/DSC_0007-scaled-1536x800.jpg 1536w, https:\/\/fc-wanderlust.de\/wp-content\/uploads\/2022\/08\/DSC_0007-scaled-2048x1067.jpg 2048w\" sizes=\"(max-width: 1024px) 100vw, 1024px\" \/><\/figure>\n\n\n\n<figure class=\"wp-block-image size-large\"><img loading=\"lazy\" width=\"1024\" height=\"526\" data-id=\"964\"  src=\"https:\/\/fc-wanderlust.de\/wp-content\/uploads\/2022\/08\/DSC_0009-scaled-1024x526.jpg\" alt=\"\" class=\"wp-image-964\" srcset=\"https:\/\/fc-wanderlust.de\/wp-content\/uploads\/2022\/08\/DSC_0009-scaled-1024x526.jpg 1024w, https:\/\/fc-wanderlust.de\/wp-content\/uploads\/2022\/08\/DSC_0009-scaled-300x154.jpg 300w, https:\/\/fc-wanderlust.de\/wp-content\/uploads\/2022\/08\/DSC_0009-768x394.jpg 768w, https:\/\/fc-wanderlust.de\/wp-content\/uploads\/2022\/08\/DSC_0009-scaled-1536x788.jpg 1536w, https:\/\/fc-wanderlust.de\/wp-content\/uploads\/2022\/08\/DSC_0009-scaled-2048x1051.jpg 2048w\" sizes=\"(max-width: 1024px) 100vw, 1024px\" \/><\/figure>\n\n\n\n<figure class=\"wp-block-image size-large\"><img loading=\"lazy\" width=\"1024\" height=\"687\" data-id=\"966\"  src=\"https:\/\/fc-wanderlust.de\/wp-content\/uploads\/2022\/08\/DSC_0010-scaled-1024x687.jpg\" alt=\"\" class=\"wp-image-966\" srcset=\"https:\/\/fc-wanderlust.de\/wp-content\/uploads\/2022\/08\/DSC_0010-scaled-1024x687.jpg 1024w, https:\/\/fc-wanderlust.de\/wp-content\/uploads\/2022\/08\/DSC_0010-scaled-300x201.jpg 300w, https:\/\/fc-wanderlust.de\/wp-content\/uploads\/2022\/08\/DSC_0010-768x516.jpg 768w, https:\/\/fc-wanderlust.de\/wp-content\/uploads\/2022\/08\/DSC_0010-scaled-1536x1031.jpg 1536w, https:\/\/fc-wanderlust.de\/wp-content\/uploads\/2022\/08\/DSC_0010-scaled-2048x1374.jpg 2048w\" sizes=\"(max-width: 1024px) 100vw, 1024px\" \/><\/figure>\n<\/figure>\n\n\n\n<p>Das Heidestadion liegt im Herzen von S\u00fcsterseel. Die Eing\u00e4nge befinden sich an der Karl-Arnold-Stra\u00dfe und in der Stra\u00dfe &#8220;Fichtenhain&#8221; jeweils mit Parkpl\u00e4tzen!<\/p>\n","protected":false},"excerpt":{"rendered":"<p>Das Heidestadion liegt im Herzen von S\u00fcsterseel. Die Eing\u00e4nge befinden sich an der Karl-Arnold-Stra\u00dfe und in der Stra\u00dfe &#8220;Fichtenhain&#8221; jeweils mit Parkpl\u00e4tzen!<\/p>\n","protected":false},"author":1,"featured_media":0,"parent":19,"menu_order":8,"comment_status":"closed","ping_status":"closed","template":"","meta":[],"_links":{"self":[{"href":"https:\/\/fc-wanderlust.de\/index.php?rest_route=\/wp\/v2\/pages\/20"}],"collection":[{"href":"https:\/\/fc-wanderlust.de\/index.php?rest_route=\/wp\/v2\/pages"}],"about":[{"href":"https:\/\/fc-wanderlust.de\/index.php?rest_route=\/wp\/v2\/types\/page"}],"author":[{"embeddable":true,"href":"https:\/\/fc-wanderlust.de\/index.php?rest_route=\/wp\/v2\/users\/1"}],"replies":[{"embeddable":true,"href":"https:\/\/fc-wanderlust.de\/index.php?rest_route=%2Fwp%2Fv2%2Fcomments&post=20"}],"version-history":[{"count":2,"href":"https:\/\/fc-wanderlust.de\/index.php?rest_route=\/wp\/v2\/pages\/20\/revisions"}],"predecessor-version":[{"id":968,"href":"https:\/\/fc-wanderlust.de\/index.php?rest_route=\/wp\/v2\/pages\/20\/revisions\/968"}],"up":[{"embeddable":true,"href":"https:\/\/fc-wanderlust.de\/index.php?rest_route=\/wp\/v2\/pages\/19"}],"wp:attachment":[{"href":"https:\/\/fc-wanderlust.de\/index.php?rest_route=%2Fwp%2Fv2%2Fmedia&parent=20"}],"curies":[{"name":"wp","href":"https:\/\/api.w.org\/{rel}","templated":true}]}}