{"id":1679,"date":"2025-04-30T20:14:58","date_gmt":"2025-04-30T18:14:58","guid":{"rendered":"https:\/\/fc-wanderlust.de\/?page_id=1679"},"modified":"2025-06-08T19:38:51","modified_gmt":"2025-06-08T17:38:51","slug":"arno-ernst","status":"publish","type":"page","link":"https:\/\/fc-wanderlust.de\/?page_id=1679","title":{"rendered":"Arno Ernst"},"content":{"rendered":"\n<p class=\"has-medium-font-size\"><strong>Arno Ernst \u2013 Vom FC Wanderlust S\u00fcsterseel \u00fcber die Bundesliga in die niederl\u00e4ndische Eredivisie<\/strong><\/p>\n\n\n\n<figure class=\"wp-block-image size-large\"><img loading=\"lazy\" width=\"1024\" height=\"685\" src=\"https:\/\/fc-wanderlust.de\/wp-content\/uploads\/2025\/06\/Adobe-Express-file-1-1024x685.jpg\" alt=\"\" class=\"wp-image-1746\" srcset=\"https:\/\/fc-wanderlust.de\/wp-content\/uploads\/2025\/06\/Adobe-Express-file-1-1024x685.jpg 1024w, https:\/\/fc-wanderlust.de\/wp-content\/uploads\/2025\/06\/Adobe-Express-file-1-300x201.jpg 300w, https:\/\/fc-wanderlust.de\/wp-content\/uploads\/2025\/06\/Adobe-Express-file-1-768x514.jpg 768w, https:\/\/fc-wanderlust.de\/wp-content\/uploads\/2025\/06\/Adobe-Express-file-1.jpg 1500w\" sizes=\"(max-width: 1024px) 100vw, 1024px\" \/><\/figure>\n\n\n\n<p>Wenn in S\u00fcsterseel \u00fcber Fu\u00dfballkarrieren gesprochen wird, f\u00e4llt unweigerlich nat\u00fcrlich der Name Arno Ernst. Der geb\u00fcrtige S\u00fcsterseeler begann seine Laufbahn beim FC Wanderlust 1920 e.V. und legte dort den Grundstein f\u00fcr eine bemerkenswerte Laufbahn, die ihn bis in die Bundesliga und die niederl\u00e4ndische Eredivisie f\u00fchrte.<\/p>\n\n\n\n<p><strong>Fr\u00fche Jahre in S\u00fcsterseel und Aufstieg in den h\u00f6herklassigen Fu\u00dfball<\/strong><\/p>\n\n\n\n<p>Arno Ernst, geboren am 29. September 1941 in S\u00fcsterseel, durchlief beim FC Wanderlust die Jugend- und fr\u00fchen Seniorenmannschaften. Bereits mit 15 Jahren spielte er in der 1. Mannschaft seines Heimatvereins. Schon in diesen jungen Jahren fielen sein Spielverst\u00e4ndnis und seine \u00dcbersicht in der Innenverteidigung auf \u2013 Eigenschaften, die ihn bald zu h\u00f6heren Aufgaben f\u00fchren sollten.<\/p>\n\n\n\n<p>1961 wechselte Ernst zum VfR \u00dcbach-Palenberg, wo er in der Verbandsliga Mittelrhein spielte und sich weiter in den Fokus gr\u00f6\u00dferer Vereine spielte.<\/p>\n\n\n\n<p><strong>Borussia M\u00f6nchengladbach: Aufstieg mit einer goldenen Generation<\/strong><\/p>\n\n\n\n<p>Zur Saison 1963\/64 verpflichtete Borussia M\u00f6nchengladbach den Abwehrspieler. In vier Jahren absolvierte Ernst 34 Spiele in der Regionalliga West, war in allen sechs Spielen der Aufstiegsrunde 1965 aktiv und geh\u00f6rte zum Kader, der unter Trainer Hennes Weisweiler gemeinsam mit G\u00fcnter Netzer, Jupp Heynckes und Bernd Rupp erstmals in die Bundesliga aufstieg. In der Bundesliga selbst kam er auf vier Eins\u00e4tze. Alle \u00fcber die volle Distanz von 90 Minuten.<\/p>\n\n\n\n<figure class=\"wp-block-image size-large\"><img loading=\"lazy\" width=\"1024\" height=\"500\" src=\"https:\/\/fc-wanderlust.de\/wp-content\/uploads\/2025\/06\/1DSC_0917-1-scaled-1024x500.jpg\" alt=\"\" class=\"wp-image-1747\" srcset=\"https:\/\/fc-wanderlust.de\/wp-content\/uploads\/2025\/06\/1DSC_0917-1-scaled-1024x500.jpg 1024w, https:\/\/fc-wanderlust.de\/wp-content\/uploads\/2025\/06\/1DSC_0917-1-scaled-300x146.jpg 300w, https:\/\/fc-wanderlust.de\/wp-content\/uploads\/2025\/06\/1DSC_0917-1-768x375.jpg 768w, https:\/\/fc-wanderlust.de\/wp-content\/uploads\/2025\/06\/1DSC_0917-1-scaled-1536x749.jpg 1536w, https:\/\/fc-wanderlust.de\/wp-content\/uploads\/2025\/06\/1DSC_0917-1-scaled-2048x999.jpg 2048w\" sizes=\"(max-width: 1024px) 100vw, 1024px\" \/><\/figure>\n\n\n\n<p>In dieser Saison schn\u00fcrten viele bekannte Spieler die Schuhe in der Bundesliga. Wir erinnern uns an so klangvolle Namen, wie: Otto Rehagel, Heinz Flohe, Hannes L\u00f6hr, Wolfgang Oberath, Franz Beckenbauer, Gerd M\u00fcller, Herbert Wimmer, Berti Vogts, J\u00fcrgen Grabowski, Klaus Fichtel, Uwe Seeler, Petar Radekovic, Horst K\u00f6ppel und Bo Larsson. Im Zuge des internen Konkurrenzkampfes \u2013 unter anderem mit dem jungen Berti Vogts \u2013 entschied sich Ernst 1967 f\u00fcr einen Wechsel.<\/p>\n\n\n\n<p><strong>Neun Saisons in den Niederlanden: Konstanz bei Fortuna<\/strong><\/p>\n\n\n\n<p>Sein Weg f\u00fchrte ihn zun\u00e4chst zu Fortuna \u201954 Geleen, wo er 1967\/68 alle 34 Ligaspiele der letzten Saison des Vereins absolvierte. Am 26.11.1967 spielte er dann auch gegen den Weltklassespieler Johan Cruyff von Ajax Amsterdam, die in diesem Jahr zum 13. Male niederl\u00e4ndischer Meister wurden. Damaliger Trainer bei Ajax war Rinus Michels. Danach spielte er bis 1976 f\u00fcr den Nachfolgeverein Fortuna SC (heute Fortuna Sittard) in der 2. und 1. Niederl\u00e4ndischen Liga. Insgesamt stand Ernst in 68 Ligaspielen der Eredivisie auf dem Platz und erzielte ein Tor. Hinzu kamen 17 Eins\u00e4tze im KNVB Beker.<\/p>\n\n\n\n<figure class=\"wp-block-image size-large\"><img loading=\"lazy\" width=\"1024\" height=\"737\" src=\"https:\/\/fc-wanderlust.de\/wp-content\/uploads\/2025\/06\/DSC_0948-scaled-1024x737.jpg\" alt=\"\" class=\"wp-image-1693\" srcset=\"https:\/\/fc-wanderlust.de\/wp-content\/uploads\/2025\/06\/DSC_0948-scaled-1024x737.jpg 1024w, https:\/\/fc-wanderlust.de\/wp-content\/uploads\/2025\/06\/DSC_0948-scaled-300x216.jpg 300w, https:\/\/fc-wanderlust.de\/wp-content\/uploads\/2025\/06\/DSC_0948-768x553.jpg 768w, https:\/\/fc-wanderlust.de\/wp-content\/uploads\/2025\/06\/DSC_0948-scaled-1536x1106.jpg 1536w, https:\/\/fc-wanderlust.de\/wp-content\/uploads\/2025\/06\/DSC_0948-scaled-2048x1474.jpg 2048w\" sizes=\"(max-width: 1024px) 100vw, 1024px\" \/><\/figure>\n\n\n\n<p>Als zuverl\u00e4ssiger Innenverteidiger, oft als pr\u00e4gender Libero, mit taktischem Geschick war Ernst \u00fcber Jahre eine feste Gr\u00f6\u00dfe in Limburg und trug viele Jahre mit Stolz die Kapit\u00e4nsbinde. Als Deutscher Mannschaftsf\u00fchrer in einem niederl\u00e4ndischen Team zu sein, war zu diesem Zeitpunkt schon etwas Besonderes. Er wurde in fast 350 Spielen f\u00fcr Sittard eingesetzt. Am 27. Mai 1976 beendete er seine aktive Karriere mit einem Ausw\u00e4rtssieg bei Helmond Sport.<\/p>\n\n\n\n<p>Anschlie\u00dfend war er noch viele Jahre Spieler und Trainer bei diversen Mannschaften u.a. Concordia Haaren, Frankonia Broich und Gillrath.<\/p>\n\n\n\n<figure class=\"wp-block-image size-large\"><img loading=\"lazy\" width=\"680\" height=\"1024\" src=\"https:\/\/fc-wanderlust.de\/wp-content\/uploads\/2025\/06\/1DSC_0842-scaled-680x1024.jpg\" alt=\"\" class=\"wp-image-1694\" srcset=\"https:\/\/fc-wanderlust.de\/wp-content\/uploads\/2025\/06\/1DSC_0842-scaled-680x1024.jpg 680w, https:\/\/fc-wanderlust.de\/wp-content\/uploads\/2025\/06\/1DSC_0842-scaled-199x300.jpg 199w, https:\/\/fc-wanderlust.de\/wp-content\/uploads\/2025\/06\/1DSC_0842-768x1157.jpg 768w, https:\/\/fc-wanderlust.de\/wp-content\/uploads\/2025\/06\/1DSC_0842-scaled-1019x1536.jpg 1019w, https:\/\/fc-wanderlust.de\/wp-content\/uploads\/2025\/06\/1DSC_0842-scaled-1359x2048.jpg 1359w, https:\/\/fc-wanderlust.de\/wp-content\/uploads\/2025\/06\/1DSC_0842-scaled.jpg 1699w\" sizes=\"(max-width: 680px) 100vw, 680px\" \/><\/figure>\n\n\n\n<p><strong>Ein Leben f\u00fcr den Fu\u00dfball \u2013 mit Wurzeln in S\u00fcsterseel<\/strong><\/p>\n\n\n\n<p>Arno Ernst war kein Lautsprecher, sondern ein stiller Arbeiter auf dem Platz \u2013 gesch\u00e4tzt f\u00fcr seine Ruhe, sein Stellungsspiel und seine Zuverl\u00e4ssigkeit. Vom kleinen FC Wanderlust S\u00fcsterseel bis zu internationalen Spielen in der niederl\u00e4ndischen Eredivisie: Sein Weg steht beispielhaft f\u00fcr eine Laufbahn, die mit Bodenst\u00e4ndigkeit und Leidenschaft gef\u00fchrt wurde. Bis heute wird in S\u00fcsterseel mit Stolz auf das fu\u00dfballerische Lebenswerk von Arno Ernst zur\u00fcckgeblickt. Seinem Jugendverein ist der heutige Geilenkirchener immer noch verbunden.<\/p>\n\n\n\n<figure class=\"wp-block-gallery has-nested-images columns-default is-cropped\">\n<figure class=\"wp-block-image size-large\"><img loading=\"lazy\" width=\"1000\" height=\"689\" data-id=\"1700\"  src=\"https:\/\/fc-wanderlust.de\/wp-content\/uploads\/2025\/06\/1DSC_0846.jpg\" alt=\"\" class=\"wp-image-1700\" srcset=\"https:\/\/fc-wanderlust.de\/wp-content\/uploads\/2025\/06\/1DSC_0846.jpg 1000w, https:\/\/fc-wanderlust.de\/wp-content\/uploads\/2025\/06\/1DSC_0846-300x207.jpg 300w, https:\/\/fc-wanderlust.de\/wp-content\/uploads\/2025\/06\/1DSC_0846-768x529.jpg 768w\" sizes=\"(max-width: 1000px) 100vw, 1000px\" \/><\/figure>\n\n\n\n<figure class=\"wp-block-image size-large\"><img loading=\"lazy\" width=\"1024\" height=\"747\" data-id=\"1702\"  src=\"https:\/\/fc-wanderlust.de\/wp-content\/uploads\/2025\/06\/1DSC_0856-1024x747.jpg\" alt=\"\" class=\"wp-image-1702\" srcset=\"https:\/\/fc-wanderlust.de\/wp-content\/uploads\/2025\/06\/1DSC_0856-1024x747.jpg 1024w, https:\/\/fc-wanderlust.de\/wp-content\/uploads\/2025\/06\/1DSC_0856-300x219.jpg 300w, https:\/\/fc-wanderlust.de\/wp-content\/uploads\/2025\/06\/1DSC_0856-768x560.jpg 768w, https:\/\/fc-wanderlust.de\/wp-content\/uploads\/2025\/06\/1DSC_0856.jpg 1500w\" sizes=\"(max-width: 1024px) 100vw, 1024px\" \/><\/figure>\n\n\n\n<figure class=\"wp-block-image size-large\"><img loading=\"lazy\" width=\"1024\" height=\"681\" data-id=\"1705\"  src=\"https:\/\/fc-wanderlust.de\/wp-content\/uploads\/2025\/06\/DSC_0854-1024x681.jpg\" alt=\"\" class=\"wp-image-1705\" srcset=\"https:\/\/fc-wanderlust.de\/wp-content\/uploads\/2025\/06\/DSC_0854-1024x681.jpg 1024w, https:\/\/fc-wanderlust.de\/wp-content\/uploads\/2025\/06\/DSC_0854-300x199.jpg 300w, https:\/\/fc-wanderlust.de\/wp-content\/uploads\/2025\/06\/DSC_0854-768x510.jpg 768w, https:\/\/fc-wanderlust.de\/wp-content\/uploads\/2025\/06\/DSC_0854.jpg 1500w\" sizes=\"(max-width: 1024px) 100vw, 1024px\" \/><\/figure>\n\n\n\n<figure class=\"wp-block-image size-large\"><img loading=\"lazy\" width=\"1024\" height=\"687\" data-id=\"1707\"  src=\"https:\/\/fc-wanderlust.de\/wp-content\/uploads\/2025\/06\/DSC_0857-1024x687.jpg\" alt=\"\" class=\"wp-image-1707\" srcset=\"https:\/\/fc-wanderlust.de\/wp-content\/uploads\/2025\/06\/DSC_0857-1024x687.jpg 1024w, https:\/\/fc-wanderlust.de\/wp-content\/uploads\/2025\/06\/DSC_0857-300x201.jpg 300w, https:\/\/fc-wanderlust.de\/wp-content\/uploads\/2025\/06\/DSC_0857-768x516.jpg 768w, https:\/\/fc-wanderlust.de\/wp-content\/uploads\/2025\/06\/DSC_0857.jpg 1500w\" sizes=\"(max-width: 1024px) 100vw, 1024px\" \/><\/figure>\n\n\n\n<figure class=\"wp-block-image size-large\"><img loading=\"lazy\" width=\"1024\" height=\"509\" data-id=\"1701\"  src=\"https:\/\/fc-wanderlust.de\/wp-content\/uploads\/2025\/06\/DSC_0860-1-1024x509.jpg\" alt=\"\" class=\"wp-image-1701\" srcset=\"https:\/\/fc-wanderlust.de\/wp-content\/uploads\/2025\/06\/DSC_0860-1-1024x509.jpg 1024w, https:\/\/fc-wanderlust.de\/wp-content\/uploads\/2025\/06\/DSC_0860-1-300x149.jpg 300w, https:\/\/fc-wanderlust.de\/wp-content\/uploads\/2025\/06\/DSC_0860-1-768x381.jpg 768w, https:\/\/fc-wanderlust.de\/wp-content\/uploads\/2025\/06\/DSC_0860-1.jpg 1500w\" sizes=\"(max-width: 1024px) 100vw, 1024px\" \/><\/figure>\n\n\n\n<figure class=\"wp-block-image size-large\"><img loading=\"lazy\" width=\"1024\" height=\"713\" data-id=\"1708\"  src=\"https:\/\/fc-wanderlust.de\/wp-content\/uploads\/2025\/06\/DSC_0865-1024x713.jpg\" alt=\"\" class=\"wp-image-1708\" srcset=\"https:\/\/fc-wanderlust.de\/wp-content\/uploads\/2025\/06\/DSC_0865-1024x713.jpg 1024w, https:\/\/fc-wanderlust.de\/wp-content\/uploads\/2025\/06\/DSC_0865-300x209.jpg 300w, https:\/\/fc-wanderlust.de\/wp-content\/uploads\/2025\/06\/DSC_0865-768x535.jpg 768w, https:\/\/fc-wanderlust.de\/wp-content\/uploads\/2025\/06\/DSC_0865.jpg 1500w\" sizes=\"(max-width: 1024px) 100vw, 1024px\" \/><\/figure>\n\n\n\n<figure class=\"wp-block-image size-large\"><img loading=\"lazy\" width=\"1024\" height=\"707\" data-id=\"1706\"  src=\"https:\/\/fc-wanderlust.de\/wp-content\/uploads\/2025\/06\/DSC_0880-1024x707.jpg\" alt=\"\" class=\"wp-image-1706\" srcset=\"https:\/\/fc-wanderlust.de\/wp-content\/uploads\/2025\/06\/DSC_0880-1024x707.jpg 1024w, https:\/\/fc-wanderlust.de\/wp-content\/uploads\/2025\/06\/DSC_0880-300x207.jpg 300w, https:\/\/fc-wanderlust.de\/wp-content\/uploads\/2025\/06\/DSC_0880-768x530.jpg 768w, https:\/\/fc-wanderlust.de\/wp-content\/uploads\/2025\/06\/DSC_0880.jpg 1500w\" sizes=\"(max-width: 1024px) 100vw, 1024px\" \/><\/figure>\n\n\n\n<figure class=\"wp-block-image size-large\"><img loading=\"lazy\" width=\"733\" height=\"1024\" data-id=\"1714\"  src=\"https:\/\/fc-wanderlust.de\/wp-content\/uploads\/2025\/06\/DSC_0888-1-733x1024.jpg\" alt=\"\" class=\"wp-image-1714\" srcset=\"https:\/\/fc-wanderlust.de\/wp-content\/uploads\/2025\/06\/DSC_0888-1-733x1024.jpg 733w, https:\/\/fc-wanderlust.de\/wp-content\/uploads\/2025\/06\/DSC_0888-1-215x300.jpg 215w, https:\/\/fc-wanderlust.de\/wp-content\/uploads\/2025\/06\/DSC_0888-1-768x1073.jpg 768w, https:\/\/fc-wanderlust.de\/wp-content\/uploads\/2025\/06\/DSC_0888-1-1100x1536.jpg 1100w, https:\/\/fc-wanderlust.de\/wp-content\/uploads\/2025\/06\/DSC_0888-1-1466x2048.jpg 1466w, https:\/\/fc-wanderlust.de\/wp-content\/uploads\/2025\/06\/DSC_0888-1.jpg 1500w\" sizes=\"(max-width: 733px) 100vw, 733px\" \/><\/figure>\n\n\n\n<figure class=\"wp-block-image size-large\"><img loading=\"lazy\" width=\"1024\" height=\"715\" data-id=\"1711\"  src=\"https:\/\/fc-wanderlust.de\/wp-content\/uploads\/2025\/06\/DSC_0940-1024x715.jpg\" alt=\"\" class=\"wp-image-1711\" srcset=\"https:\/\/fc-wanderlust.de\/wp-content\/uploads\/2025\/06\/DSC_0940-1024x715.jpg 1024w, https:\/\/fc-wanderlust.de\/wp-content\/uploads\/2025\/06\/DSC_0940-300x210.jpg 300w, https:\/\/fc-wanderlust.de\/wp-content\/uploads\/2025\/06\/DSC_0940-768x537.jpg 768w, https:\/\/fc-wanderlust.de\/wp-content\/uploads\/2025\/06\/DSC_0940.jpg 1500w\" sizes=\"(max-width: 1024px) 100vw, 1024px\" \/><\/figure>\n\n\n\n<figure class=\"wp-block-image size-large is-style-default\"><img loading=\"lazy\" width=\"1024\" height=\"655\" data-id=\"1704\"  src=\"https:\/\/fc-wanderlust.de\/wp-content\/uploads\/2025\/06\/DSC_0943-1024x655.jpg\" alt=\"\" class=\"wp-image-1704\" srcset=\"https:\/\/fc-wanderlust.de\/wp-content\/uploads\/2025\/06\/DSC_0943-1024x655.jpg 1024w, https:\/\/fc-wanderlust.de\/wp-content\/uploads\/2025\/06\/DSC_0943-300x192.jpg 300w, https:\/\/fc-wanderlust.de\/wp-content\/uploads\/2025\/06\/DSC_0943-768x492.jpg 768w, https:\/\/fc-wanderlust.de\/wp-content\/uploads\/2025\/06\/DSC_0943.jpg 1500w\" sizes=\"(max-width: 1024px) 100vw, 1024px\" \/><\/figure>\n\n\n\n<figure class=\"wp-block-image size-large\"><img loading=\"lazy\" width=\"1024\" height=\"733\" data-id=\"1709\"  src=\"https:\/\/fc-wanderlust.de\/wp-content\/uploads\/2025\/06\/DSC_0944-1024x733.jpg\" alt=\"\" class=\"wp-image-1709\" srcset=\"https:\/\/fc-wanderlust.de\/wp-content\/uploads\/2025\/06\/DSC_0944-1024x733.jpg 1024w, https:\/\/fc-wanderlust.de\/wp-content\/uploads\/2025\/06\/DSC_0944-300x215.jpg 300w, https:\/\/fc-wanderlust.de\/wp-content\/uploads\/2025\/06\/DSC_0944-768x550.jpg 768w, https:\/\/fc-wanderlust.de\/wp-content\/uploads\/2025\/06\/DSC_0944.jpg 1500w\" sizes=\"(max-width: 1024px) 100vw, 1024px\" \/><\/figure>\n\n\n\n<figure class=\"wp-block-image size-large\"><img loading=\"lazy\" width=\"1024\" height=\"546\" data-id=\"1703\"  src=\"https:\/\/fc-wanderlust.de\/wp-content\/uploads\/2025\/06\/DSC_0950-1-1024x546.jpg\" alt=\"\" class=\"wp-image-1703\" srcset=\"https:\/\/fc-wanderlust.de\/wp-content\/uploads\/2025\/06\/DSC_0950-1-1024x546.jpg 1024w, https:\/\/fc-wanderlust.de\/wp-content\/uploads\/2025\/06\/DSC_0950-1-300x160.jpg 300w, https:\/\/fc-wanderlust.de\/wp-content\/uploads\/2025\/06\/DSC_0950-1-768x410.jpg 768w, https:\/\/fc-wanderlust.de\/wp-content\/uploads\/2025\/06\/DSC_0950-1.jpg 1500w\" sizes=\"(max-width: 1024px) 100vw, 1024px\" \/><\/figure>\n\n\n\n<figure class=\"wp-block-image size-large\"><img loading=\"lazy\" width=\"721\" height=\"1024\" data-id=\"1717\"  src=\"https:\/\/fc-wanderlust.de\/wp-content\/uploads\/2025\/06\/DSC_0962-1-721x1024.jpg\" alt=\"\" class=\"wp-image-1717\" srcset=\"https:\/\/fc-wanderlust.de\/wp-content\/uploads\/2025\/06\/DSC_0962-1-721x1024.jpg 721w, https:\/\/fc-wanderlust.de\/wp-content\/uploads\/2025\/06\/DSC_0962-1-211x300.jpg 211w, https:\/\/fc-wanderlust.de\/wp-content\/uploads\/2025\/06\/DSC_0962-1-768x1090.jpg 768w, https:\/\/fc-wanderlust.de\/wp-content\/uploads\/2025\/06\/DSC_0962-1-1082x1536.jpg 1082w, https:\/\/fc-wanderlust.de\/wp-content\/uploads\/2025\/06\/DSC_0962-1-1443x2048.jpg 1443w, https:\/\/fc-wanderlust.de\/wp-content\/uploads\/2025\/06\/DSC_0962-1.jpg 1500w\" sizes=\"(max-width: 721px) 100vw, 721px\" \/><\/figure>\n\n\n\n<figure class=\"wp-block-image size-large\"><img loading=\"lazy\" width=\"721\" height=\"1024\" data-id=\"1718\"  src=\"https:\/\/fc-wanderlust.de\/wp-content\/uploads\/2025\/06\/DSC_0963-721x1024.jpg\" alt=\"\" class=\"wp-image-1718\" srcset=\"https:\/\/fc-wanderlust.de\/wp-content\/uploads\/2025\/06\/DSC_0963-721x1024.jpg 721w, https:\/\/fc-wanderlust.de\/wp-content\/uploads\/2025\/06\/DSC_0963-211x300.jpg 211w, https:\/\/fc-wanderlust.de\/wp-content\/uploads\/2025\/06\/DSC_0963-768x1091.jpg 768w, https:\/\/fc-wanderlust.de\/wp-content\/uploads\/2025\/06\/DSC_0963-1082x1536.jpg 1082w, https:\/\/fc-wanderlust.de\/wp-content\/uploads\/2025\/06\/DSC_0963-1442x2048.jpg 1442w, https:\/\/fc-wanderlust.de\/wp-content\/uploads\/2025\/06\/DSC_0963.jpg 1500w\" sizes=\"(max-width: 721px) 100vw, 721px\" \/><\/figure>\n\n\n\n<figure class=\"wp-block-image size-large\"><img loading=\"lazy\" width=\"623\" height=\"1024\" data-id=\"1716\"  src=\"https:\/\/fc-wanderlust.de\/wp-content\/uploads\/2025\/06\/DSC_0965-623x1024.jpg\" alt=\"\" class=\"wp-image-1716\" srcset=\"https:\/\/fc-wanderlust.de\/wp-content\/uploads\/2025\/06\/DSC_0965-623x1024.jpg 623w, https:\/\/fc-wanderlust.de\/wp-content\/uploads\/2025\/06\/DSC_0965-183x300.jpg 183w, https:\/\/fc-wanderlust.de\/wp-content\/uploads\/2025\/06\/DSC_0965-768x1262.jpg 768w, https:\/\/fc-wanderlust.de\/wp-content\/uploads\/2025\/06\/DSC_0965-935x1536.jpg 935w, https:\/\/fc-wanderlust.de\/wp-content\/uploads\/2025\/06\/DSC_0965-1247x2048.jpg 1247w, https:\/\/fc-wanderlust.de\/wp-content\/uploads\/2025\/06\/DSC_0965.jpg 1500w\" sizes=\"(max-width: 623px) 100vw, 623px\" \/><\/figure>\n\n\n\n<figure class=\"wp-block-image size-large\"><img loading=\"lazy\" width=\"1024\" height=\"750\" data-id=\"1712\"  src=\"https:\/\/fc-wanderlust.de\/wp-content\/uploads\/2025\/06\/DSC_0967-1-1024x750.jpg\" alt=\"\" class=\"wp-image-1712\" srcset=\"https:\/\/fc-wanderlust.de\/wp-content\/uploads\/2025\/06\/DSC_0967-1-1024x750.jpg 1024w, https:\/\/fc-wanderlust.de\/wp-content\/uploads\/2025\/06\/DSC_0967-1-300x220.jpg 300w, https:\/\/fc-wanderlust.de\/wp-content\/uploads\/2025\/06\/DSC_0967-1-768x562.jpg 768w, https:\/\/fc-wanderlust.de\/wp-content\/uploads\/2025\/06\/DSC_0967-1.jpg 1500w\" sizes=\"(max-width: 1024px) 100vw, 1024px\" \/><\/figure>\n\n\n\n<figure class=\"wp-block-image size-large\"><img loading=\"lazy\" width=\"685\" height=\"1024\" data-id=\"1715\"  src=\"https:\/\/fc-wanderlust.de\/wp-content\/uploads\/2025\/06\/DSC_0969-685x1024.jpg\" alt=\"\" class=\"wp-image-1715\" srcset=\"https:\/\/fc-wanderlust.de\/wp-content\/uploads\/2025\/06\/DSC_0969-685x1024.jpg 685w, https:\/\/fc-wanderlust.de\/wp-content\/uploads\/2025\/06\/DSC_0969-201x300.jpg 201w, https:\/\/fc-wanderlust.de\/wp-content\/uploads\/2025\/06\/DSC_0969-768x1148.jpg 768w, https:\/\/fc-wanderlust.de\/wp-content\/uploads\/2025\/06\/DSC_0969-1027x1536.jpg 1027w, https:\/\/fc-wanderlust.de\/wp-content\/uploads\/2025\/06\/DSC_0969-1370x2048.jpg 1370w, https:\/\/fc-wanderlust.de\/wp-content\/uploads\/2025\/06\/DSC_0969.jpg 1500w\" sizes=\"(max-width: 685px) 100vw, 685px\" \/><\/figure>\n\n\n\n<figure class=\"wp-block-image size-large\"><img loading=\"lazy\" width=\"715\" height=\"1024\" data-id=\"1719\"  src=\"https:\/\/fc-wanderlust.de\/wp-content\/uploads\/2025\/06\/DSC_0994-715x1024.jpg\" alt=\"\" class=\"wp-image-1719\" srcset=\"https:\/\/fc-wanderlust.de\/wp-content\/uploads\/2025\/06\/DSC_0994-715x1024.jpg 715w, https:\/\/fc-wanderlust.de\/wp-content\/uploads\/2025\/06\/DSC_0994-210x300.jpg 210w, https:\/\/fc-wanderlust.de\/wp-content\/uploads\/2025\/06\/DSC_0994-768x1099.jpg 768w, https:\/\/fc-wanderlust.de\/wp-content\/uploads\/2025\/06\/DSC_0994-1073x1536.jpg 1073w, https:\/\/fc-wanderlust.de\/wp-content\/uploads\/2025\/06\/DSC_0994-1431x2048.jpg 1431w, https:\/\/fc-wanderlust.de\/wp-content\/uploads\/2025\/06\/DSC_0994.jpg 1500w\" sizes=\"(max-width: 715px) 100vw, 715px\" \/><\/figure>\n\n\n\n<figure class=\"wp-block-image size-large\"><img loading=\"lazy\" width=\"1024\" height=\"762\" data-id=\"1713\"  src=\"https:\/\/fc-wanderlust.de\/wp-content\/uploads\/2025\/06\/DSC_1032-1024x762.jpg\" alt=\"\" class=\"wp-image-1713\" srcset=\"https:\/\/fc-wanderlust.de\/wp-content\/uploads\/2025\/06\/DSC_1032-1024x762.jpg 1024w, https:\/\/fc-wanderlust.de\/wp-content\/uploads\/2025\/06\/DSC_1032-300x223.jpg 300w, https:\/\/fc-wanderlust.de\/wp-content\/uploads\/2025\/06\/DSC_1032-768x571.jpg 768w, https:\/\/fc-wanderlust.de\/wp-content\/uploads\/2025\/06\/DSC_1032.jpg 1500w\" sizes=\"(max-width: 1024px) 100vw, 1024px\" \/><\/figure>\n\n\n\n<figure class=\"wp-block-image size-large\"><img loading=\"lazy\" width=\"1024\" height=\"694\" data-id=\"1710\"  src=\"https:\/\/fc-wanderlust.de\/wp-content\/uploads\/2025\/06\/DSC_1037-1024x694.jpg\" alt=\"\" class=\"wp-image-1710\" srcset=\"https:\/\/fc-wanderlust.de\/wp-content\/uploads\/2025\/06\/DSC_1037-1024x694.jpg 1024w, https:\/\/fc-wanderlust.de\/wp-content\/uploads\/2025\/06\/DSC_1037-300x203.jpg 300w, https:\/\/fc-wanderlust.de\/wp-content\/uploads\/2025\/06\/DSC_1037-768x520.jpg 768w, https:\/\/fc-wanderlust.de\/wp-content\/uploads\/2025\/06\/DSC_1037.jpg 1500w\" sizes=\"(max-width: 1024px) 100vw, 1024px\" \/><\/figure>\n<\/figure>\n","protected":false},"excerpt":{"rendered":"<p>Arno Ernst \u2013 Vom FC Wanderlust S\u00fcsterseel \u00fcber die Bundesliga in die niederl\u00e4ndische Eredivisie Wenn in S\u00fcsterseel \u00fcber Fu\u00dfballkarrieren gesprochen wird, f\u00e4llt unweigerlich nat\u00fcrlich der Name Arno Ernst. Der geb\u00fcrtige S\u00fcsterseeler begann seine Laufbahn beim FC Wanderlust 1920 e.V. und legte dort den Grundstein f\u00fcr eine bemerkenswerte Laufbahn, die ihn bis in die Bundesliga und [&hellip;]<\/p>\n","protected":false},"author":4,"featured_media":0,"parent":0,"menu_order":0,"comment_status":"closed","ping_status":"closed","template":"","meta":[],"_links":{"self":[{"href":"https:\/\/fc-wanderlust.de\/index.php?rest_route=\/wp\/v2\/pages\/1679"}],"collection":[{"href":"https:\/\/fc-wanderlust.de\/index.php?rest_route=\/wp\/v2\/pages"}],"about":[{"href":"https:\/\/fc-wanderlust.de\/index.php?rest_route=\/wp\/v2\/types\/page"}],"author":[{"embeddable":true,"href":"https:\/\/fc-wanderlust.de\/index.php?rest_route=\/wp\/v2\/users\/4"}],"replies":[{"embeddable":true,"href":"https:\/\/fc-wanderlust.de\/index.php?rest_route=%2Fwp%2Fv2%2Fcomments&post=1679"}],"version-history":[{"count":8,"href":"https:\/\/fc-wanderlust.de\/index.php?rest_route=\/wp\/v2\/pages\/1679\/revisions"}],"predecessor-version":[{"id":1753,"href":"https:\/\/fc-wanderlust.de\/index.php?rest_route=\/wp\/v2\/pages\/1679\/revisions\/1753"}],"wp:attachment":[{"href":"https:\/\/fc-wanderlust.de\/index.php?rest_route=%2Fwp%2Fv2%2Fmedia&parent=1679"}],"curies":[{"name":"wp","href":"https:\/\/api.w.org\/{rel}","templated":true}]}}